{"id":12649,"date":"2024-12-05T16:56:31","date_gmt":"2024-12-05T15:56:31","guid":{"rendered":"https:\/\/integ.ellios-biotek.com\/?post_type=product&#038;p=12649"},"modified":"2025-05-09T15:58:52","modified_gmt":"2025-05-09T13:58:52","slug":"elliosafe-d-b-bloc-chauffant","status":"publish","type":"product","link":"https:\/\/integ.ellios-biotek.com\/en\/product\/elliosafe-d-b-bloc-chauffant\/","title":{"rendered":"ELLIOSAFE D.B.\u00ae &#8211; Bloc chauffant"},"content":{"rendered":"","protected":false},"excerpt":{"rendered":"<ul>\n<li>R\u00e9glage de la temp\u00e9rature avec code confidentiel<\/li>\n<li>4 tailles : tubes de 5, 10, 14 et 30 ml<\/li>\n<li>Pr\u00e9chauffage : 10 min<\/li>\n<li>Temp\u00e9rature : affichage num\u00e9rique et colorim\u00e9trique<\/li>\n<\/ul>\n<div class=\"text-align-center\"><a class=\"download_pdf\" href=\"\/wp-content\/uploads\/2025\/05\/Fiche-technique-Bain-sec-FR.pdf\" download=\"\">Download product sheet<\/a><\/div>","protected":false},"featured_media":12860,"template":"","meta":[],"product_brand":[],"product_cat":[63],"product_tag":[],"class_list":{"0":"post-12649","1":"product","2":"type-product","3":"status-publish","4":"has-post-thumbnail","6":"product_cat-dispositifs-medicaux","8":"first","9":"instock","10":"shipping-taxable","11":"product-type-simple"},"_links":{"self":[{"href":"https:\/\/integ.ellios-biotek.com\/en\/wp-json\/wp\/v2\/product\/12649","targetHints":{"allow":["GET"]}}],"collection":[{"href":"https:\/\/integ.ellios-biotek.com\/en\/wp-json\/wp\/v2\/product"}],"about":[{"href":"https:\/\/integ.ellios-biotek.com\/en\/wp-json\/wp\/v2\/types\/product"}],"wp:featuredmedia":[{"embeddable":true,"href":"https:\/\/integ.ellios-biotek.com\/en\/wp-json\/wp\/v2\/media\/12860"}],"wp:attachment":[{"href":"https:\/\/integ.ellios-biotek.com\/en\/wp-json\/wp\/v2\/media?parent=12649"}],"wp:term":[{"taxonomy":"product_brand","embeddable":true,"href":"https:\/\/integ.ellios-biotek.com\/en\/wp-json\/wp\/v2\/product_brand?post=12649"},{"taxonomy":"product_cat","embeddable":true,"href":"https:\/\/integ.ellios-biotek.com\/en\/wp-json\/wp\/v2\/product_cat?post=12649"},{"taxonomy":"product_tag","embeddable":true,"href":"https:\/\/integ.ellios-biotek.com\/en\/wp-json\/wp\/v2\/product_tag?post=12649"}],"curies":[{"name":"wp","href":"https:\/\/api.w.org\/{rel}","templated":true}]}}