{"id":12646,"date":"2024-12-05T16:55:39","date_gmt":"2024-12-05T15:55:39","guid":{"rendered":"https:\/\/integ.ellios-biotek.com\/?post_type=product&#038;p=12646"},"modified":"2026-02-09T12:34:28","modified_gmt":"2026-02-09T11:34:28","slug":"elliosafe-t-h-chauffe-tubes","status":"publish","type":"product","link":"https:\/\/integ.ellios-biotek.com\/en\/product\/elliosafe-t-h-chauffe-tubes\/","title":{"rendered":"ELLIOSAFE T.H.\u00ae &#8211; Chauffe tubes"},"content":{"rendered":"","protected":false},"excerpt":{"rendered":"<ul>\n<li>Tubes de 5, 10, 14 et 30 ml<\/li>\n<li>14 lieux de r\u00e9ception des \u00e9chantillons r\u00e9colt\u00e9s<\/li>\n<li>Deux couleurs : gris et or<\/li>\n<li>Pr\u00e9chauffage : 10 min<\/li>\n<li>Temp\u00e9rature : affichage num\u00e9rique et colorim\u00e9trique<\/li>\n<li>R\u00e9glage de la temp\u00e9rature avec code confidentiel<\/li>\n<\/ul>\n<div class=\"text-align-center\"><a class=\"download_pdf\" href=\"\/wp-content\/uploads\/2025\/05\/Fiche-technique-Chauffe-tube-FR.pdf\" download=\"\">Download product sheet<\/a><\/div>","protected":false},"featured_media":12861,"template":"","meta":[],"product_brand":[],"product_cat":[63],"product_tag":[],"class_list":{"0":"post-12646","1":"product","2":"type-product","3":"status-publish","4":"has-post-thumbnail","6":"product_cat-dispositifs-medicaux","8":"first","9":"instock","10":"shipping-taxable","11":"product-type-simple"},"_links":{"self":[{"href":"https:\/\/integ.ellios-biotek.com\/en\/wp-json\/wp\/v2\/product\/12646","targetHints":{"allow":["GET"]}}],"collection":[{"href":"https:\/\/integ.ellios-biotek.com\/en\/wp-json\/wp\/v2\/product"}],"about":[{"href":"https:\/\/integ.ellios-biotek.com\/en\/wp-json\/wp\/v2\/types\/product"}],"wp:featuredmedia":[{"embeddable":true,"href":"https:\/\/integ.ellios-biotek.com\/en\/wp-json\/wp\/v2\/media\/12861"}],"wp:attachment":[{"href":"https:\/\/integ.ellios-biotek.com\/en\/wp-json\/wp\/v2\/media?parent=12646"}],"wp:term":[{"taxonomy":"product_brand","embeddable":true,"href":"https:\/\/integ.ellios-biotek.com\/en\/wp-json\/wp\/v2\/product_brand?post=12646"},{"taxonomy":"product_cat","embeddable":true,"href":"https:\/\/integ.ellios-biotek.com\/en\/wp-json\/wp\/v2\/product_cat?post=12646"},{"taxonomy":"product_tag","embeddable":true,"href":"https:\/\/integ.ellios-biotek.com\/en\/wp-json\/wp\/v2\/product_tag?post=12646"}],"curies":[{"name":"wp","href":"https:\/\/api.w.org\/{rel}","templated":true}]}}