{"id":12643,"date":"2024-12-05T16:54:45","date_gmt":"2024-12-05T15:54:45","guid":{"rendered":"https:\/\/integ.ellios-biotek.com\/?post_type=product&#038;p=12643"},"modified":"2025-05-09T16:03:43","modified_gmt":"2025-05-09T14:03:43","slug":"elliosafe-incubateur-de-transport","status":"publish","type":"product","link":"https:\/\/integ.ellios-biotek.com\/en\/product\/elliosafe-incubateur-de-transport\/","title":{"rendered":"ELLIOSAFE\u00ae &#8211; Incubateur de transport"},"content":{"rendered":"","protected":false},"excerpt":{"rendered":"<p>Leader du march\u00e9 fran\u00e7ais<\/p>\n<p>&nbsp;<\/p>\n<ul>\n<li><strong>Maintien de la temp\u00e9rature \u00e0 37\u00b0C<\/strong>\u00a0pour la conservation du <strong>liquide folliculaire<\/strong>, des <strong>biopsies testiculaires<\/strong> ou des cryoglobulines<strong>\u00a0<\/strong>pendant le transport<\/li>\n<\/ul>\n<ul>\n<li>Plage de temp\u00e9rature r\u00e9glable de <strong>35\u00b0C \u00e0 39\u00b0C<\/strong><\/li>\n<li>Enregistrement des donn\u00e9es \u00e0 chaque minute. Tra\u00e7abilit\u00e9 compl\u00e8te des donn\u00e9es.<\/li>\n<li>16 Go de m\u00e9moire (environ 10 ans de m\u00e9morisation)<\/li>\n<li>Donn\u00e9es t\u00e9l\u00e9chargeables sur ordinateur<\/li>\n<li>Autonomie de la batterie : 10h ou 6h selon le choix de la batterie<\/li>\n<li>Pr\u00e9chauffage rapide : seulement 8 min<\/li>\n<li>Inserts pour tubes de 5, 7, 14 ou 30 ml<\/li>\n<li>Inserts disponibles pour bo\u00eetes de culture et tubes de <strong>14 ml<\/strong><\/li>\n<li>Logiciel visionneuse courbes Tt (en option)<\/li>\n<li><strong>Ultra l\u00e9ger<\/strong>\u00a0: seulement 3 kg pour une mobilit\u00e9 maximale<\/li>\n<\/ul>\n<div class=\"text-align-center\"><a class=\"download_pdf\" href=\"\/wp-content\/uploads\/2025\/05\/Fiche-technique-Incubateur-de-transport-FR.pdf\" download=\"\">Download product sheet<\/a><\/div>","protected":false},"featured_media":12862,"template":"","meta":[],"product_brand":[],"product_cat":[63],"product_tag":[],"class_list":{"0":"post-12643","1":"product","2":"type-product","3":"status-publish","4":"has-post-thumbnail","6":"product_cat-dispositifs-medicaux","8":"first","9":"instock","10":"shipping-taxable","11":"product-type-simple"},"_links":{"self":[{"href":"https:\/\/integ.ellios-biotek.com\/en\/wp-json\/wp\/v2\/product\/12643","targetHints":{"allow":["GET"]}}],"collection":[{"href":"https:\/\/integ.ellios-biotek.com\/en\/wp-json\/wp\/v2\/product"}],"about":[{"href":"https:\/\/integ.ellios-biotek.com\/en\/wp-json\/wp\/v2\/types\/product"}],"wp:featuredmedia":[{"embeddable":true,"href":"https:\/\/integ.ellios-biotek.com\/en\/wp-json\/wp\/v2\/media\/12862"}],"wp:attachment":[{"href":"https:\/\/integ.ellios-biotek.com\/en\/wp-json\/wp\/v2\/media?parent=12643"}],"wp:term":[{"taxonomy":"product_brand","embeddable":true,"href":"https:\/\/integ.ellios-biotek.com\/en\/wp-json\/wp\/v2\/product_brand?post=12643"},{"taxonomy":"product_cat","embeddable":true,"href":"https:\/\/integ.ellios-biotek.com\/en\/wp-json\/wp\/v2\/product_cat?post=12643"},{"taxonomy":"product_tag","embeddable":true,"href":"https:\/\/integ.ellios-biotek.com\/en\/wp-json\/wp\/v2\/product_tag?post=12643"}],"curies":[{"name":"wp","href":"https:\/\/api.w.org\/{rel}","templated":true}]}}