{"id":12636,"date":"2024-12-05T16:50:35","date_gmt":"2024-12-05T15:50:35","guid":{"rendered":"https:\/\/integ.ellios-biotek.com\/?post_type=product&#038;p=12636"},"modified":"2025-05-28T12:18:49","modified_gmt":"2025-05-28T10:18:49","slug":"hysokat-hysterosonographie-hystero-salpingo-foam-sonographie-hyfosy","status":"publish","type":"product","link":"https:\/\/integ.ellios-biotek.com\/en\/product\/hysokat-hysterosonographie-hystero-salpingo-foam-sonographie-hyfosy\/","title":{"rendered":"HYSOKAT\u00ae Hyst\u00e9rosonographie &#8211; Hystero-salpingo-foam-sonographie (HyFoSy)"},"content":{"rendered":"","protected":false},"excerpt":{"rendered":"<h4>Caract\u00e9ristiques<\/h4>\n<ul>\n<li>\n<p class=\"p1\"><span class=\"s1\">Dispositif d\u2019exploration fonctionnelle compos\u00e9 de :<br \/>\n&#8211; 1 cath\u00e9ter central souple pr\u00e9-coud\u00e9 avec rep\u00e8res centim\u00e9triques et rep\u00e8res tactiles sur l\u2019embase indiquant l\u2019orientation de la courbure.<br \/>\n&#8211; 1 gaine externe, mobile pourvue \u00e0 son extr\u00e9mit\u00e9 distale d\u2019un c\u00f4ne tr\u00e8s souple atraumatique destin\u00e9 \u00e0 obturer l\u2019exocol, fix\u00e9e sur une bague facilitant ainsi la manipulation.<\/span><\/p>\n<\/li>\n<\/ul>\n<h4>Utilisation<\/h4>\n<ul>\n<li>Hyst\u00e9rosonographie &#8211; Hystero-salpingo-foam-sonographie (HyFoSy)<\/li>\n<\/ul>\n<h4>Conditionnement<\/h4>\n<ul>\n<li>Bo\u00eete de 25 unit\u00e9s<\/li>\n<\/ul>\n<h4>Recommandations<\/h4>\n<ul>\n<li class=\"p1\">Ins\u00e9rer HYSOKAT dans l\u2019ut\u00e9rus \u00e0 la profondeur souhait\u00e9e.<\/li>\n<li class=\"p1\">Pousser la gaine externe jusqu\u2019\u00e0 la fermeture du col par le c\u00f4ne souple.<\/li>\n<li class=\"p1\">Injecter doucement la pr\u00e9paration choisie.<\/li>\n<li class=\"p1\">Retirer doucement le dispositif en fin de proc\u00e9dure.<\/li>\n<\/ul>\n<div class=\"text-align-center\"><a class=\"download_pdf\" href=\"\/wp-content\/uploads\/2025\/05\/Fiche-technique-HYSOKAT-FR.pdf\" download=\"\">Download product sheet<\/a><a class=\"ask_certificate\" href=\"mailto:info@elliosbiotek.com\">Obtenir des certificats MEA \/ LAL<\/a><\/div>","protected":false},"featured_media":12891,"template":"","meta":[],"product_brand":[],"product_cat":[64],"product_tag":[],"class_list":{"0":"post-12636","1":"product","2":"type-product","3":"status-publish","4":"has-post-thumbnail","6":"product_cat-exploration-fonctionnelle","8":"first","9":"instock","10":"shipping-taxable","11":"product-type-simple"},"_links":{"self":[{"href":"https:\/\/integ.ellios-biotek.com\/en\/wp-json\/wp\/v2\/product\/12636","targetHints":{"allow":["GET"]}}],"collection":[{"href":"https:\/\/integ.ellios-biotek.com\/en\/wp-json\/wp\/v2\/product"}],"about":[{"href":"https:\/\/integ.ellios-biotek.com\/en\/wp-json\/wp\/v2\/types\/product"}],"wp:featuredmedia":[{"embeddable":true,"href":"https:\/\/integ.ellios-biotek.com\/en\/wp-json\/wp\/v2\/media\/12891"}],"wp:attachment":[{"href":"https:\/\/integ.ellios-biotek.com\/en\/wp-json\/wp\/v2\/media?parent=12636"}],"wp:term":[{"taxonomy":"product_brand","embeddable":true,"href":"https:\/\/integ.ellios-biotek.com\/en\/wp-json\/wp\/v2\/product_brand?post=12636"},{"taxonomy":"product_cat","embeddable":true,"href":"https:\/\/integ.ellios-biotek.com\/en\/wp-json\/wp\/v2\/product_cat?post=12636"},{"taxonomy":"product_tag","embeddable":true,"href":"https:\/\/integ.ellios-biotek.com\/en\/wp-json\/wp\/v2\/product_tag?post=12636"}],"curies":[{"name":"wp","href":"https:\/\/api.w.org\/{rel}","templated":true}]}}