{"id":12632,"date":"2024-12-05T16:49:20","date_gmt":"2024-12-05T15:49:20","guid":{"rendered":"https:\/\/integ.ellios-biotek.com\/?post_type=product&#038;p=12632"},"modified":"2025-05-28T12:18:29","modified_gmt":"2025-05-28T10:18:29","slug":"set-de-transfert-dembryon-pour-transfert-difficile","status":"publish","type":"product","link":"https:\/\/integ.ellios-biotek.com\/en\/product\/set-de-transfert-dembryon-pour-transfert-difficile\/","title":{"rendered":"Set de transfert d&#8217;embryon pour transfert difficile"},"content":{"rendered":"","protected":false},"excerpt":{"rendered":"<h4>Caract\u00e9ristiques<\/h4>\n<ul>\n<li>Cath\u00e9ter guide en polypropyl\u00e8ne (bague coulissante) avec rep\u00e8res centim\u00e9triques.<\/li>\n<li>Mandrin mall\u00e9able.<\/li>\n<li>Cath\u00e9ter de transfert en polyur\u00e9thane avec rep\u00e8res centim\u00e9triques sur la partie proximale.<\/li>\n<li>L\u2019embase du cath\u00e9ter guide a \u00e9t\u00e9 sp\u00e9cialement con\u00e7ue pour faciliter le passe du cath\u00e9ter de transfert dans le cath\u00e9ter guide.<\/li>\n<\/ul>\n<h4>Utilisation<\/h4>\n<ul>\n<li>Transfert d\u2019embryon dans la cavit\u00e9 ut\u00e9rine lors d\u2019une f\u00e9condation in vitro, plus particuli\u00e8rement lorsqu\u2019il y a difficult\u00e9 de passage du canal cervical.<\/li>\n<\/ul>\n<h4>Conditionnement<\/h4>\n<ul>\n<li>Bo\u00eete de 10 unit\u00e9s<\/li>\n<\/ul>\n<h4>Recommandations<\/h4>\n<ul>\n<li class=\"p1\">Avant utilisation, il est recommand\u00e9 de rincer soigneusement le cath\u00e9ter de transfert avec un milieu de culture st\u00e9rile appropri\u00e9.<\/li>\n<li class=\"p1\">Pr\u00e9former le cath\u00e9ter guide avec son mandrin et lui faire franchir le canal cervical jusqu\u2019\u00e0 l\u2019orifice interne.<\/li>\n<li class=\"p1\">Retirer le mandrin.<\/li>\n<li class=\"p1\">Introduire le cath\u00e9ter de transfert dans le cath\u00e9ter guide jusqu\u2019\u00e0 ce que la premi\u00e8re marque distale du cath\u00e9ter du transfert atteigne l\u2019entr\u00e9e du cath\u00e9ter guide. Les extr\u00e9mit\u00e9s distales des deux cath\u00e9ters co\u00efncident.<\/li>\n<li class=\"p1\">Pousser alors le cath\u00e9ter de transfert de la longueur souhait\u00e9e, en s\u2019aidant des rep\u00e8res centim\u00e9triques et transf\u00e9rer l\u2019embryon.<\/li>\n<li class=\"p1\">Retirer simultan\u00e9ment et tr\u00e8s doucement les deux cath\u00e9ters.<\/li>\n<\/ul>\n<div class=\"text-align-center\"><a class=\"download_pdf\" href=\"\/wp-content\/uploads\/2025\/05\/Fiche-technique-118-3P-FR.pdf\" download=\"\">Download product sheet<\/a><a class=\"ask_certificate\" href=\"mailto:info@elliosbiotek.com\">Obtenir des certificats MEA \/ LAL<\/a><\/div>","protected":false},"featured_media":12889,"template":"","meta":[],"product_brand":[],"product_cat":[67],"product_tag":[],"class_list":{"0":"post-12632","1":"product","2":"type-product","3":"status-publish","4":"has-post-thumbnail","6":"product_cat-transfert-dembryon","8":"first","9":"instock","10":"shipping-taxable","11":"product-type-simple"},"_links":{"self":[{"href":"https:\/\/integ.ellios-biotek.com\/en\/wp-json\/wp\/v2\/product\/12632","targetHints":{"allow":["GET"]}}],"collection":[{"href":"https:\/\/integ.ellios-biotek.com\/en\/wp-json\/wp\/v2\/product"}],"about":[{"href":"https:\/\/integ.ellios-biotek.com\/en\/wp-json\/wp\/v2\/types\/product"}],"wp:featuredmedia":[{"embeddable":true,"href":"https:\/\/integ.ellios-biotek.com\/en\/wp-json\/wp\/v2\/media\/12889"}],"wp:attachment":[{"href":"https:\/\/integ.ellios-biotek.com\/en\/wp-json\/wp\/v2\/media?parent=12632"}],"wp:term":[{"taxonomy":"product_brand","embeddable":true,"href":"https:\/\/integ.ellios-biotek.com\/en\/wp-json\/wp\/v2\/product_brand?post=12632"},{"taxonomy":"product_cat","embeddable":true,"href":"https:\/\/integ.ellios-biotek.com\/en\/wp-json\/wp\/v2\/product_cat?post=12632"},{"taxonomy":"product_tag","embeddable":true,"href":"https:\/\/integ.ellios-biotek.com\/en\/wp-json\/wp\/v2\/product_tag?post=12632"}],"curies":[{"name":"wp","href":"https:\/\/api.w.org\/{rel}","templated":true}]}}