{"id":12629,"date":"2024-12-05T16:48:00","date_gmt":"2024-12-05T15:48:00","guid":{"rendered":"https:\/\/integ.ellios-biotek.com\/?post_type=product&#038;p=12629"},"modified":"2025-05-28T12:18:09","modified_gmt":"2025-05-28T10:18:09","slug":"ellioset-set-de-transfert-dembryons-echogene","status":"publish","type":"product","link":"https:\/\/integ.ellios-biotek.com\/en\/product\/ellioset-set-de-transfert-dembryons-echogene\/","title":{"rendered":"ELLIOSET\u00ae &#8211; Set de transfert d&#8217;embryons \u00e9chog\u00e8ne"},"content":{"rendered":"","protected":false},"excerpt":{"rendered":"<h4>Caract\u00e9ristiques<\/h4>\n<p><strong>Cath\u00e9ter guide (P.P. souple)<\/strong><\/p>\n<ul>\n<li>\n<p class=\"p1\"><span class=\"s1\">Pr\u00e9-courb\u00e9, termin\u00e9 par un bulbe atraumatique \u00e9chog\u00e8ne :<br \/>\n&#8211; permettant un passage facile et atraumatique du canal cervical,<br \/>\n&#8211; facilitant le positionnement.<\/span><\/p>\n<\/li>\n<li>\n<p class=\"p1\"><span class=\"s1\">Bague ajustable atraumatique facile \u00e0 utiliser.<\/span><\/p>\n<\/li>\n<li>\n<p class=\"p1\"><span class=\"s1\">L\u2019embase du cath\u00e9ter guide facilite l\u2019introduction du cath\u00e9ter de transfert.<\/span><\/p>\n<\/li>\n<\/ul>\n<p class=\"p1\"><strong><span class=\"s1\">Cath\u00e9ter de transfert (P.U. souple)<\/span><\/strong><\/p>\n<ul>\n<li>\n<p class=\"p1\"><span class=\"s1\">\u00c9chog\u00e8ne \u00e0 l\u2019extr\u00eamit\u00e9 distale.<\/span><\/p>\n<\/li>\n<\/ul>\n<p class=\"p1\"><strong><span class=\"s1\">Rep\u00e8res centim\u00e9triques (sur cath\u00e9ter guide et cath\u00e9ter de transfert).<\/span><\/strong><\/p>\n<p class=\"p1\"><strong><span class=\"s1\">Jeu de 4 \u00e9tiquettes de tra\u00e7abilit\u00e9.<\/span><\/strong><\/p>\n<h4>Utilisation<\/h4>\n<ul>\n<li>Transfert d\u2019embryon(s).<\/li>\n<\/ul>\n<h4>Conditionnement<\/h4>\n<ul>\n<li>Bo\u00eete de 10 unit\u00e9s<\/li>\n<\/ul>\n<h4>Recommandations<\/h4>\n<p class=\"p1\"><span class=\"s1\">Avant toute utilisation, il est recommand\u00e9 de rincer le cath\u00e9ter avec un milieu de culture st\u00e9rile appropri\u00e9.<\/span><\/p>\n<ul>\n<li class=\"p1\">Une fois l\u2019embryon transf\u00e9r\u00e9, retirer simultan\u00e9ment et tr\u00e8s doucement les deux cath\u00e9ters.<\/li>\n<\/ul>\n<div class=\"text-align-center\"><a class=\"download_pdf\" href=\"\/wp-content\/uploads\/2025\/05\/Fiche-technique-Ellioset-FR.pdf\" download=\"\">Download product sheet<\/a><a class=\"ask_certificate\" href=\"mailto:info@elliosbiotek.com\">Obtenir des certificats MEA \/ LAL<\/a><\/div>","protected":false},"featured_media":12887,"template":"","meta":[],"product_brand":[],"product_cat":[67],"product_tag":[],"class_list":{"0":"post-12629","1":"product","2":"type-product","3":"status-publish","4":"has-post-thumbnail","6":"product_cat-transfert-dembryon","8":"first","9":"instock","10":"shipping-taxable","11":"product-type-simple"},"_links":{"self":[{"href":"https:\/\/integ.ellios-biotek.com\/en\/wp-json\/wp\/v2\/product\/12629","targetHints":{"allow":["GET"]}}],"collection":[{"href":"https:\/\/integ.ellios-biotek.com\/en\/wp-json\/wp\/v2\/product"}],"about":[{"href":"https:\/\/integ.ellios-biotek.com\/en\/wp-json\/wp\/v2\/types\/product"}],"wp:featuredmedia":[{"embeddable":true,"href":"https:\/\/integ.ellios-biotek.com\/en\/wp-json\/wp\/v2\/media\/12887"}],"wp:attachment":[{"href":"https:\/\/integ.ellios-biotek.com\/en\/wp-json\/wp\/v2\/media?parent=12629"}],"wp:term":[{"taxonomy":"product_brand","embeddable":true,"href":"https:\/\/integ.ellios-biotek.com\/en\/wp-json\/wp\/v2\/product_brand?post=12629"},{"taxonomy":"product_cat","embeddable":true,"href":"https:\/\/integ.ellios-biotek.com\/en\/wp-json\/wp\/v2\/product_cat?post=12629"},{"taxonomy":"product_tag","embeddable":true,"href":"https:\/\/integ.ellios-biotek.com\/en\/wp-json\/wp\/v2\/product_tag?post=12629"}],"curies":[{"name":"wp","href":"https:\/\/api.w.org\/{rel}","templated":true}]}}