{"id":12622,"date":"2024-12-05T16:45:06","date_gmt":"2024-12-05T15:45:06","guid":{"rendered":"https:\/\/integ.ellios-biotek.com\/?post_type=product&#038;p=12622"},"modified":"2025-05-28T12:17:29","modified_gmt":"2025-05-28T10:17:29","slug":"echocath-catheter-de-transfert-coude-echogene","status":"publish","type":"product","link":"https:\/\/integ.ellios-biotek.com\/en\/product\/echocath-catheter-de-transfert-coude-echogene\/","title":{"rendered":"ECHOCATH\u00ae &#8211; Cath\u00e9ter de transfert coud\u00e9 \u00e9chog\u00e8ne"},"content":{"rendered":"","protected":false},"excerpt":{"rendered":"<h4>Caract\u00e9ristiques<\/h4>\n<ul>\n<li>Cath\u00e9ter de transfert coud\u00e9 permettant un passage facile du canal cervical.<\/li>\n<li>Dispositif m\u00e9dical st\u00e9rile \u00e0 usage unique en poly\u00e9thyl\u00e8ne souple transparent.<\/li>\n<li>Fl\u00e8ches sur l\u2019embase du cath\u00e9ter indiquant le sens de la courbure.<\/li>\n<li><strong>Rep\u00e9rage facile gr\u00e2ce \u00e0 l\u2019extr\u00e9mit\u00e9 distale \u00e9chog\u00e8ne.<\/strong><\/li>\n<\/ul>\n<h4>Utilisation<\/h4>\n<ul>\n<li>Transfert d&#8217;embryon(s)<\/li>\n<li>Intra uterine insemination<\/li>\n<\/ul>\n<h4>Conditionnement<\/h4>\n<ul>\n<li>Bo\u00eete de 25 unit\u00e9s<\/li>\n<\/ul>\n<h4>Recommandations<\/h4>\n<p>Avant toute utilisation, il est recommand\u00e9 de rincer le cath\u00e9ter avec un milieu de culture st\u00e9rile appropri\u00e9.<\/p>\n<p class=\"p1\"><strong><span class=\"s1\">\u200b<\/span>Transfert d\u2019embryons\u00a0<\/strong><\/p>\n<ul>\n<li class=\"p1\"><span class=\"s1\">Placer les embryons dans ECHOCATH\u00ae avec une faible quantit\u00e9 de milieu de culture.\u00a0<\/span><\/li>\n<li class=\"p1\"><span class=\"s1\">Positionner la bague sur la graduation centim\u00e9trique selon la longueur de l\u2019ut\u00e9rus.\u00a0<\/span><\/li>\n<li class=\"p1\"><span class=\"s1\">Introduire ECHOCATH\u00ae \u00e0 environ 1 cm du fond ut\u00e9rin. En cas de passage difficile du col, effectuer d\u00e9licatement une rotation du cath\u00e9ter.\u00a0<\/span><\/li>\n<li class=\"p1\"><span class=\"s1\">Proc\u00e9der au transfert d\u2019embryon(s).\u00a0<\/span><\/li>\n<li class=\"p1\"><span class=\"s1\">Retirer doucement le cath\u00e9ter.\u00a0<\/span><\/li>\n<\/ul>\n<p class=\"p1\"><strong>Ins\u00e9mination intra ut\u00e9rine\u00a0<\/strong><\/p>\n<ul>\n<li class=\"p1\">Aspirer la pr\u00e9paration de sperme avec ECHOCATH\u00ae connect\u00e9 \u00e0 une seringue.<\/li>\n<li class=\"p1\"><span class=\"s1\">Introduire ECHOCATH\u00ae \u00e0 environ 1 cm du fond ut\u00e9rin. En cas de passage difficile du col, effectuer d\u00e9licatement une rotation du cath\u00e9ter.\u00a0<\/span><\/li>\n<li class=\"p1\"><span class=\"s1\">Proc\u00e9der \u00e0 l\u2019ins\u00e9mination.\u00a0<\/span><\/li>\n<li class=\"p1\"><span class=\"s1\">Retirer doucement le cath\u00e9ter.<\/span><\/li>\n<\/ul>\n<div class=\"text-align-center\"><a class=\"download_pdf\" href=\"\/wp-content\/uploads\/2025\/05\/Fiche-technique-Echocath-FR.pdf\" download=\"\">Download product sheet<\/a><a class=\"ask_certificate\" href=\"mailto:info@elliosbiotek.com\">Obtenir des certificats MEA \/ LAL<\/a><\/div>","protected":false},"featured_media":12882,"template":"","meta":[],"product_brand":[],"product_cat":[67],"product_tag":[],"class_list":{"0":"post-12622","1":"product","2":"type-product","3":"status-publish","4":"has-post-thumbnail","6":"product_cat-transfert-dembryon","8":"first","9":"instock","10":"shipping-taxable","11":"product-type-simple"},"_links":{"self":[{"href":"https:\/\/integ.ellios-biotek.com\/en\/wp-json\/wp\/v2\/product\/12622","targetHints":{"allow":["GET"]}}],"collection":[{"href":"https:\/\/integ.ellios-biotek.com\/en\/wp-json\/wp\/v2\/product"}],"about":[{"href":"https:\/\/integ.ellios-biotek.com\/en\/wp-json\/wp\/v2\/types\/product"}],"wp:featuredmedia":[{"embeddable":true,"href":"https:\/\/integ.ellios-biotek.com\/en\/wp-json\/wp\/v2\/media\/12882"}],"wp:attachment":[{"href":"https:\/\/integ.ellios-biotek.com\/en\/wp-json\/wp\/v2\/media?parent=12622"}],"wp:term":[{"taxonomy":"product_brand","embeddable":true,"href":"https:\/\/integ.ellios-biotek.com\/en\/wp-json\/wp\/v2\/product_brand?post=12622"},{"taxonomy":"product_cat","embeddable":true,"href":"https:\/\/integ.ellios-biotek.com\/en\/wp-json\/wp\/v2\/product_cat?post=12622"},{"taxonomy":"product_tag","embeddable":true,"href":"https:\/\/integ.ellios-biotek.com\/en\/wp-json\/wp\/v2\/product_tag?post=12622"}],"curies":[{"name":"wp","href":"https:\/\/api.w.org\/{rel}","templated":true}]}}