{"id":12619,"date":"2024-12-05T16:42:58","date_gmt":"2024-12-05T15:42:58","guid":{"rendered":"https:\/\/integ.ellios-biotek.com\/?post_type=product&#038;p=12619"},"modified":"2025-05-28T12:17:05","modified_gmt":"2025-05-28T10:17:05","slug":"elliocath-n-v-catheter-de-transfert-coude-sans-metal","status":"publish","type":"product","link":"https:\/\/integ.ellios-biotek.com\/en\/product\/elliocath-n-v-catheter-de-transfert-coude-sans-metal\/","title":{"rendered":"ELLIOCATH N.V.\u00ae &#8211; Cath\u00e9ter de transfert coud\u00e9 (sans m\u00e9tal)"},"content":{"rendered":"","protected":false},"excerpt":{"rendered":"<h4>Caract\u00e9ristiques<\/h4>\n<ul>\n<li>Cath\u00e9ter de transfert coud\u00e9 permettant un passage facile du canal cervical.<\/li>\n<li>Dispositif m\u00e9dical st\u00e9rile \u00e0 usage unique en poly\u00e9thyl\u00e8ne souple transparent.<\/li>\n<li>Rep\u00e8res tactiles sur l\u2019embase du cath\u00e9ter indiquant le sens de la courbure.<\/li>\n<li>Jeu de 4 \u00e9tiquettes de tra\u00e7abilit\u00e9.<\/li>\n<li>Graduation centim\u00e9trique sur 360\u00b0.<\/li>\n<li>Bague coulissante ajust\u00e9e.<\/li>\n<\/ul>\n<h4>Utilisation<\/h4>\n<ul>\n<li>Transfert d\u2019embryon(s).<\/li>\n<li>Ins\u00e9mination intra ut\u00e9rine.<\/li>\n<\/ul>\n<h4>Conditionnement<\/h4>\n<ul>\n<li>Bo\u00eete de 25 unit\u00e9s<\/li>\n<\/ul>\n<h4>Recommandations<\/h4>\n<p class=\"p1\"><span class=\"s1\">Avant toute utilisation, il est recommand\u00e9 de rincer le cath\u00e9ter avec un milieu de culture st\u00e9rile appropri\u00e9.<\/span><\/p>\n<h4 class=\"p1\"><strong>Transfert d\u2019embryons<\/strong><\/h4>\n<ul>\n<li>Placer les embryons dans ELLIOCATH N.V.\u00ae avec une faible quantit\u00e9 de milieu de culture.<\/li>\n<li>Positionner la bague sur la graduation centim\u00e9trique selon la longueur de l\u2019ut\u00e9rus.<\/li>\n<li>Introduire ELLIOCATH N.V.\u00ae \u00e0 environ 1 cm du fond ut\u00e9rin.<\/li>\n<li>En cas de passage difficile du col, effectuer d\u00e9licatement une rotation du cath\u00e9ter.<\/li>\n<li>Proc\u00e9der au transfert d\u2019embryon(s).<\/li>\n<li>Retirer doucement le cath\u00e9ter.<\/li>\n<\/ul>\n<h4 class=\"p1\"><strong>Ins\u00e9mination intra ut\u00e9rine<\/strong><\/h4>\n<ul>\n<li class=\"p1\">Aspirer la pr\u00e9paration de sperme avec ELLIOCATH N.V.\u00ae connect\u00e9 \u00e0 une seringue.<\/li>\n<li class=\"p1\"><span class=\"s1\">Introduire ELLIOCATH N.V.\u00ae dans l\u2019ut\u00e9rus. En cas de passage difficile du col, effectuer d\u00e9licatement une rotation du cath\u00e9ter.\u00a0<\/span><\/li>\n<li class=\"p1\"><span class=\"s1\">Proc\u00e9der \u00e0 l\u2019ins\u00e9mination.\u00a0<\/span><\/li>\n<li class=\"p1\"><span class=\"s1\">Retirer doucement le cath\u00e9ter<\/span><\/li>\n<\/ul>\n<div class=\"text-align-center\"><a class=\"download_pdf\" href=\"\/wp-content\/uploads\/2025\/05\/Fiche-technique-ELLIOCATH-NV-FR.pdf\" download=\"\">Download product sheet<\/a><a class=\"ask_certificate\" href=\"mailto:info@elliosbiotek.com\">Obtenir des certificats MEA \/ LAL<\/a><\/div>","protected":false},"featured_media":12880,"template":"","meta":[],"product_brand":[],"product_cat":[67],"product_tag":[],"class_list":{"0":"post-12619","1":"product","2":"type-product","3":"status-publish","4":"has-post-thumbnail","6":"product_cat-transfert-dembryon","8":"first","9":"instock","10":"shipping-taxable","11":"product-type-simple"},"_links":{"self":[{"href":"https:\/\/integ.ellios-biotek.com\/en\/wp-json\/wp\/v2\/product\/12619","targetHints":{"allow":["GET"]}}],"collection":[{"href":"https:\/\/integ.ellios-biotek.com\/en\/wp-json\/wp\/v2\/product"}],"about":[{"href":"https:\/\/integ.ellios-biotek.com\/en\/wp-json\/wp\/v2\/types\/product"}],"wp:featuredmedia":[{"embeddable":true,"href":"https:\/\/integ.ellios-biotek.com\/en\/wp-json\/wp\/v2\/media\/12880"}],"wp:attachment":[{"href":"https:\/\/integ.ellios-biotek.com\/en\/wp-json\/wp\/v2\/media?parent=12619"}],"wp:term":[{"taxonomy":"product_brand","embeddable":true,"href":"https:\/\/integ.ellios-biotek.com\/en\/wp-json\/wp\/v2\/product_brand?post=12619"},{"taxonomy":"product_cat","embeddable":true,"href":"https:\/\/integ.ellios-biotek.com\/en\/wp-json\/wp\/v2\/product_cat?post=12619"},{"taxonomy":"product_tag","embeddable":true,"href":"https:\/\/integ.ellios-biotek.com\/en\/wp-json\/wp\/v2\/product_tag?post=12619"}],"curies":[{"name":"wp","href":"https:\/\/api.w.org\/{rel}","templated":true}]}}