{"id":12616,"date":"2024-12-05T16:41:11","date_gmt":"2024-12-05T15:41:11","guid":{"rendered":"https:\/\/integ.ellios-biotek.com\/?post_type=product&#038;p=12616"},"modified":"2025-05-28T12:16:46","modified_gmt":"2025-05-28T10:16:46","slug":"elliocath-s-catheter-de-transfert-coude-echogene","status":"publish","type":"product","link":"https:\/\/integ.ellios-biotek.com\/en\/product\/elliocath-s-catheter-de-transfert-coude-echogene\/","title":{"rendered":"ELLIOCATH S\u00ae &#8211; Cath\u00e9ter de transfert coud\u00e9 \u00e9chog\u00e8ne"},"content":{"rendered":"","protected":false},"excerpt":{"rendered":"<h4>Caract\u00e9ristiques<\/h4>\n<ul>\n<li>Cath\u00e9ter pr\u00e9-courb\u00e9, termin\u00e9 par un bulbe atraumatique \u00e9chog\u00e8ne :<br \/>\n&#8211; permettant un passage facile et atraumatique du canal cervical,<br \/>\n&#8211; facilitant le positionnement.<\/li>\n<li>Rep\u00e8res tactiles sur l\u2019embase indiquant l\u2019orientation de la courbure.<\/li>\n<li>Bague ajustable atraumatique facile \u00e0 utiliser.<\/li>\n<li>Jeu de 4 \u00e9tiquettes de tra\u00e7abilit\u00e9.<\/li>\n<\/ul>\n<h4>Utilisation<\/h4>\n<ul>\n<li>Transfert d\u2019embryon(s).<\/li>\n<\/ul>\n<h4>Conditionnement<\/h4>\n<ul>\n<li>Bo\u00eete de 25 unit\u00e9s<\/li>\n<\/ul>\n<h4>Recommandations<\/h4>\n<p class=\"p1\"><span class=\"s1\">Avant toute utilisation, il est recommand\u00e9 de rincer le cath\u00e9ter avec un milieu de culture st\u00e9rile appropri\u00e9.<\/span><\/p>\n<ul>\n<li class=\"p1\">Placer les embryons dans ELLIOCATH S\u00ae avec une faible quantit\u00e9 de milieu de culture.<\/li>\n<li class=\"p1\">Positionner la bague sur la graduation centim\u00e9trique selon la longueur de l\u2019ut\u00e9rus.<\/li>\n<li class=\"p1\">Introduire ELLIOCATH S\u00ae \u00e0 environ 1 cm du fond ut\u00e9rin. En cas de passage difficile du col, effectuer d\u00e9licatement une rotation du cath\u00e9ter.<\/li>\n<li class=\"p1\">Proc\u00e9der au transfert d\u2019embryon(s).<\/li>\n<li class=\"p1\">Retirer doucement le cath\u00e9ter.<\/li>\n<\/ul>\n<div class=\"text-align-center\"><a class=\"download_pdf\" href=\"\/wp-content\/uploads\/2025\/05\/Fiche-technique-Elliocath-S-FR.pdf\" download=\"\">Download product sheet<\/a><a class=\"ask_certificate\" href=\"mailto:info@elliosbiotek.com\">Obtenir des certificats MEA \/ LAL<\/a><\/div>","protected":false},"featured_media":12878,"template":"","meta":[],"product_brand":[],"product_cat":[67],"product_tag":[],"class_list":{"0":"post-12616","1":"product","2":"type-product","3":"status-publish","4":"has-post-thumbnail","6":"product_cat-transfert-dembryon","8":"first","9":"instock","10":"shipping-taxable","11":"product-type-simple"},"_links":{"self":[{"href":"https:\/\/integ.ellios-biotek.com\/en\/wp-json\/wp\/v2\/product\/12616","targetHints":{"allow":["GET"]}}],"collection":[{"href":"https:\/\/integ.ellios-biotek.com\/en\/wp-json\/wp\/v2\/product"}],"about":[{"href":"https:\/\/integ.ellios-biotek.com\/en\/wp-json\/wp\/v2\/types\/product"}],"wp:featuredmedia":[{"embeddable":true,"href":"https:\/\/integ.ellios-biotek.com\/en\/wp-json\/wp\/v2\/media\/12878"}],"wp:attachment":[{"href":"https:\/\/integ.ellios-biotek.com\/en\/wp-json\/wp\/v2\/media?parent=12616"}],"wp:term":[{"taxonomy":"product_brand","embeddable":true,"href":"https:\/\/integ.ellios-biotek.com\/en\/wp-json\/wp\/v2\/product_brand?post=12616"},{"taxonomy":"product_cat","embeddable":true,"href":"https:\/\/integ.ellios-biotek.com\/en\/wp-json\/wp\/v2\/product_cat?post=12616"},{"taxonomy":"product_tag","embeddable":true,"href":"https:\/\/integ.ellios-biotek.com\/en\/wp-json\/wp\/v2\/product_tag?post=12616"}],"curies":[{"name":"wp","href":"https:\/\/api.w.org\/{rel}","templated":true}]}}