{"id":12609,"date":"2024-12-05T16:33:24","date_gmt":"2024-12-05T15:33:24","guid":{"rendered":"https:\/\/integ.ellios-biotek.com\/?post_type=product&#038;p=12609"},"modified":"2025-05-28T12:16:23","modified_gmt":"2025-05-28T10:16:23","slug":"flacon-sv-xl30","status":"publish","type":"product","link":"https:\/\/integ.ellios-biotek.com\/en\/product\/flacon-sv-xl30\/","title":{"rendered":"Flacon sv-XL30 &#8211; Pour le set de ponction d&#8217;ovocytes avec bouchon \u00e0 vis"},"content":{"rendered":"","protected":false},"excerpt":{"rendered":"<h4>Caract\u00e9ristiques<\/h4>\n<ul>\n<li class=\"p1\">Con\u00e7u pour maintenir la temp\u00e9rature du liquide folliculaire recueilli.<\/li>\n<li class=\"p1\">Lorsque ce flacon est d\u00e9pos\u00e9 dans une enceinte individuelle thermostat\u00e9e (type Labotect), la collerette situ\u00e9e en partie haute, de diam\u00e8tre identique \u00e0 celui de la base, permet d\u2019\u00e9viter une arriv\u00e9e d\u2019air ext\u00e9rieur entra\u00eenant potentiellement turbulence et choc thermique.<\/li>\n<li class=\"p1\">Composition du bouchon et flacon, s\u00e9lectionn\u00e9e pour \u00e9viter toute d\u00e9formation lors d\u2019un s\u00e9jour \u00e0 l\u2019\u00e9tuve \u00e0 37\u00b0 C.<\/li>\n<li class=\"p1\">Pr\u00e9sence d\u2019une gorge anti-fuite afin d\u2019assurer une parfaite \u00e9tanch\u00e9it\u00e9.<\/li>\n<li class=\"p1\">Pas-de-vis \u00ab 1\/4 de tour \u00bb facilitant le geste de l\u2019utilisateur.<\/li>\n<\/ul>\n<h4>Conditionnement<\/h4>\n<ul>\n<li>Bo\u00eete de 50 unit\u00e9s<\/li>\n<\/ul>\n<div class=\"text-align-center\"><a class=\"download_pdf\" href=\"\/wp-content\/uploads\/2025\/05\/Fiche-technique-Flacon-30-FR.pdf\" download=\"\">Download product sheet<\/a><a class=\"ask_certificate\" href=\"mailto:info@elliosbiotek.com\">Obtenir des certificats MEA \/ LAL<\/a><\/div>","protected":false},"featured_media":12876,"template":"","meta":[],"product_brand":[],"product_cat":[66],"product_tag":[],"class_list":{"0":"post-12609","1":"product","2":"type-product","3":"status-publish","4":"has-post-thumbnail","6":"product_cat-ponction-ovocytaire","8":"first","9":"instock","10":"shipping-taxable","11":"product-type-simple"},"_links":{"self":[{"href":"https:\/\/integ.ellios-biotek.com\/en\/wp-json\/wp\/v2\/product\/12609","targetHints":{"allow":["GET"]}}],"collection":[{"href":"https:\/\/integ.ellios-biotek.com\/en\/wp-json\/wp\/v2\/product"}],"about":[{"href":"https:\/\/integ.ellios-biotek.com\/en\/wp-json\/wp\/v2\/types\/product"}],"wp:featuredmedia":[{"embeddable":true,"href":"https:\/\/integ.ellios-biotek.com\/en\/wp-json\/wp\/v2\/media\/12876"}],"wp:attachment":[{"href":"https:\/\/integ.ellios-biotek.com\/en\/wp-json\/wp\/v2\/media?parent=12609"}],"wp:term":[{"taxonomy":"product_brand","embeddable":true,"href":"https:\/\/integ.ellios-biotek.com\/en\/wp-json\/wp\/v2\/product_brand?post=12609"},{"taxonomy":"product_cat","embeddable":true,"href":"https:\/\/integ.ellios-biotek.com\/en\/wp-json\/wp\/v2\/product_cat?post=12609"},{"taxonomy":"product_tag","embeddable":true,"href":"https:\/\/integ.ellios-biotek.com\/en\/wp-json\/wp\/v2\/product_tag?post=12609"}],"curies":[{"name":"wp","href":"https:\/\/api.w.org\/{rel}","templated":true}]}}