{"id":12606,"date":"2024-12-05T16:08:31","date_gmt":"2024-12-05T15:08:31","guid":{"rendered":"https:\/\/integ.ellios-biotek.com\/?post_type=product&#038;p=12606"},"modified":"2025-05-28T12:16:04","modified_gmt":"2025-05-28T10:16:04","slug":"set-de-ponction-dovocytes-shinetek-pour-tube-type-falcon","status":"publish","type":"product","link":"https:\/\/integ.ellios-biotek.com\/en\/product\/set-de-ponction-dovocytes-shinetek-pour-tube-type-falcon\/","title":{"rendered":"Set de ponction d&#8217;ovocytes SHINETEK pour tube type Falcon"},"content":{"rendered":"","protected":false},"excerpt":{"rendered":"<h4>Caract\u00e9ristiques<\/h4>\n<ul>\n<li>Aiguille back cut (biseau arri\u00e8re) &#8211; Talon \u00e9mouss\u00e9.<\/li>\n<li>\u00c9chog\u00e9nicit\u00e9\u00a0jusqu\u2019\u00e0 l\u2019extr\u00e9mit\u00e9 du biseau.<\/li>\n<li>Rep\u00e8re tactile sur l\u2019embase de l\u2019aiguille pour indiquer l\u2019orientation du biseau.<\/li>\n<li>2 tubulures fix\u00e9es \u00e0 un bouchon en silicone adaptable sur un tube de type Falcon<\/li>\n<li>Jeu de 4 \u00e9tiquettes de tra\u00e7abilit\u00e9.<\/li>\n<\/ul>\n<h4>Utilisation<\/h4>\n<ul>\n<li>Ponction folliculaire sous \u00e9choguidage en vue d\u2019une f\u00e9condation\u00a0in vitro.<\/li>\n<\/ul>\n<h4>Conditionnement<\/h4>\n<ul>\n<li>Bo\u00eete de 10 unit\u00e9s<\/li>\n<\/ul>\n<h4>Recommandations<\/h4>\n<ul>\n<li>Rincer l\u2019aiguille et la tubulure d\u2019aspiration avec un milieu de culture appropri\u00e9.<\/li>\n<li>Adapter un premier tube st\u00e9rile de type Falcon sur le bouchon (\u00e0 remplacer en cours de ponction). Ponctionner sous pression n\u00e9gative contr\u00f4l\u00e9e (90-100 mm Hg).<\/li>\n<li>Rincer en fin de ponction (recueil d\u2019\u00e9ventuels ovocytes dans l\u2019aiguille ou le tube).<\/li>\n<\/ul>\n<div class=\"text-align-center\"><a class=\"download_pdf\" href=\"\/wp-content\/uploads\/2025\/05\/Fiche-technique-230NS-0-FR.pdf\" download=\"\">Download product sheet<\/a><a class=\"ask_certificate\" href=\"mailto:info@elliosbiotek.com\">Obtenir des certificats MEA \/ LAL<\/a><\/div>","protected":false},"featured_media":12874,"template":"","meta":[],"product_brand":[],"product_cat":[66],"product_tag":[],"class_list":{"0":"post-12606","1":"product","2":"type-product","3":"status-publish","4":"has-post-thumbnail","6":"product_cat-ponction-ovocytaire","8":"first","9":"instock","10":"shipping-taxable","11":"product-type-simple"},"_links":{"self":[{"href":"https:\/\/integ.ellios-biotek.com\/en\/wp-json\/wp\/v2\/product\/12606","targetHints":{"allow":["GET"]}}],"collection":[{"href":"https:\/\/integ.ellios-biotek.com\/en\/wp-json\/wp\/v2\/product"}],"about":[{"href":"https:\/\/integ.ellios-biotek.com\/en\/wp-json\/wp\/v2\/types\/product"}],"wp:featuredmedia":[{"embeddable":true,"href":"https:\/\/integ.ellios-biotek.com\/en\/wp-json\/wp\/v2\/media\/12874"}],"wp:attachment":[{"href":"https:\/\/integ.ellios-biotek.com\/en\/wp-json\/wp\/v2\/media?parent=12606"}],"wp:term":[{"taxonomy":"product_brand","embeddable":true,"href":"https:\/\/integ.ellios-biotek.com\/en\/wp-json\/wp\/v2\/product_brand?post=12606"},{"taxonomy":"product_cat","embeddable":true,"href":"https:\/\/integ.ellios-biotek.com\/en\/wp-json\/wp\/v2\/product_cat?post=12606"},{"taxonomy":"product_tag","embeddable":true,"href":"https:\/\/integ.ellios-biotek.com\/en\/wp-json\/wp\/v2\/product_tag?post=12606"}],"curies":[{"name":"wp","href":"https:\/\/api.w.org\/{rel}","templated":true}]}}