{"id":12594,"date":"2024-12-05T16:04:08","date_gmt":"2024-12-05T15:04:08","guid":{"rendered":"https:\/\/integ.ellios-biotek.com\/?post_type=product&#038;p=12594"},"modified":"2025-05-28T12:12:54","modified_gmt":"2025-05-28T10:12:54","slug":"set-de-ponction-dovocytes-standard","status":"publish","type":"product","link":"https:\/\/integ.ellios-biotek.com\/en\/product\/set-de-ponction-dovocytes-standard\/","title":{"rendered":"Set de ponction d&#8217;ovocytes standard"},"content":{"rendered":"","protected":false},"excerpt":{"rendered":"<h4>Caract\u00e9ristiques<\/h4>\n<ul>\n<li class=\"p1\">Aiguille back cut (biseau arri\u00e8re) &#8211; Talon \u00e9mouss\u00e9.<\/li>\n<li class=\"p1\">2 zones \u00e9chog\u00e8nes LASER en extr\u00e9mit\u00e9 distale de l\u2019aiguille.<\/li>\n<li class=\"p1\">Rep\u00e8re tactile sur l\u2019embase de l\u2019aiguille pour indiquer l\u2019orientation du biseau.<\/li>\n<li class=\"p1\">2 tubulures fix\u00e9es \u00e0 un bouchon en silicone adaptable sur un tube de type Falcon (14 ml).<\/li>\n<li class=\"p1\">Jeu de 4 \u00e9tiquettes de tra\u00e7abilit\u00e9.<\/li>\n<\/ul>\n<h4>Utilisation<\/h4>\n<ul>\n<li>Ponction folliculaire sous \u00e9choguidage en vue d\u2019une f\u00e9condation in vitro.<\/li>\n<\/ul>\n<h4>Conditionnement<\/h4>\n<ul>\n<li>Bo\u00eete de 10 unit\u00e9s<\/li>\n<\/ul>\n<h4>Recommandations<\/h4>\n<ul>\n<li class=\"p2\">Rincer l\u2019aiguille et la tubulure d\u2019aspiration avec un milieu de culture appropri\u00e9.<\/li>\n<li class=\"p2\">Adapter un premier tube st\u00e9rile de type Falcon sur le bouchon (\u00e0 remplacer en cours de ponction).<\/li>\n<li class=\"p2\">Ponctionner sous pression n\u00e9gative contr\u00f4l\u00e9e (90 &#8211; 100 mm Hg).<\/li>\n<li class=\"p2\">Rincer en fin de ponction (recueil d\u2019\u00e9ventuels ovocytes dans l\u2019aiguille ou le tube).<\/li>\n<\/ul>\n<p><strong>Le set de ponction avec robinet permet d\u2019alterner aspiration et rin\u00e7age du follicule.<\/strong><\/p>\n<div class=\"text-align-center\"><a class=\"download_pdf\" href=\"\/wp-content\/uploads\/2025\/05\/Fiche-technique-230S-0-FR.pdf\" download=\"\">Download product sheet<\/a><a class=\"ask_certificate\" href=\"mailto:info@elliosbiotek.com\">Obtenir des certificats MEA \/ LAL<\/a><\/div>","protected":false},"featured_media":12870,"template":"","meta":[],"product_brand":[],"product_cat":[66],"product_tag":[],"class_list":{"0":"post-12594","1":"product","2":"type-product","3":"status-publish","4":"has-post-thumbnail","6":"product_cat-ponction-ovocytaire","8":"first","9":"instock","10":"shipping-taxable","11":"product-type-simple"},"_links":{"self":[{"href":"https:\/\/integ.ellios-biotek.com\/en\/wp-json\/wp\/v2\/product\/12594","targetHints":{"allow":["GET"]}}],"collection":[{"href":"https:\/\/integ.ellios-biotek.com\/en\/wp-json\/wp\/v2\/product"}],"about":[{"href":"https:\/\/integ.ellios-biotek.com\/en\/wp-json\/wp\/v2\/types\/product"}],"wp:featuredmedia":[{"embeddable":true,"href":"https:\/\/integ.ellios-biotek.com\/en\/wp-json\/wp\/v2\/media\/12870"}],"wp:attachment":[{"href":"https:\/\/integ.ellios-biotek.com\/en\/wp-json\/wp\/v2\/media?parent=12594"}],"wp:term":[{"taxonomy":"product_brand","embeddable":true,"href":"https:\/\/integ.ellios-biotek.com\/en\/wp-json\/wp\/v2\/product_brand?post=12594"},{"taxonomy":"product_cat","embeddable":true,"href":"https:\/\/integ.ellios-biotek.com\/en\/wp-json\/wp\/v2\/product_cat?post=12594"},{"taxonomy":"product_tag","embeddable":true,"href":"https:\/\/integ.ellios-biotek.com\/en\/wp-json\/wp\/v2\/product_tag?post=12594"}],"curies":[{"name":"wp","href":"https:\/\/api.w.org\/{rel}","templated":true}]}}