{"id":12589,"date":"2024-12-05T16:01:31","date_gmt":"2024-12-05T15:01:31","guid":{"rendered":"https:\/\/integ.ellios-biotek.com\/?post_type=product&#038;p=12589"},"modified":"2025-05-09T16:33:56","modified_gmt":"2025-05-09T14:33:56","slug":"aiguille-de-ponction-dovocytes","status":"publish","type":"product","link":"https:\/\/integ.ellios-biotek.com\/en\/product\/aiguille-de-ponction-dovocytes\/","title":{"rendered":"Aiguille de ponction d&#8217;ovocytes &#8211; Biseau back cut"},"content":{"rendered":"","protected":false},"excerpt":{"rendered":"<h4>Caract\u00e9ristiques<\/h4>\n<ul>\n<li>Aiguille simple lumi\u00e8re.<\/li>\n<li>Biseau arri\u00e8re (back cut). Talon \u00e9mouss\u00e9.<\/li>\n<li>Deux zones \u00e9chog\u00e8nes LASER sur l\u2019extr\u00e9mit\u00e9 distale.<\/li>\n<li>Embase ergonomique de grande surface.<\/li>\n<li>Jeu de 4 \u00e9tiquettes de tra\u00e7abilit\u00e9.<\/li>\n<\/ul>\n<h4>Utilisation<\/h4>\n<ul>\n<li>Ponction folliculaire sous \u00e9choguidage en vue d\u2019une f\u00e9condation in vitro.<\/li>\n<li>Ponction de kystes ovariens.<\/li>\n<\/ul>\n<h4>Conditionnement<\/h4>\n<ul>\n<li>Bo\u00eete de 10 unit\u00e9s<\/li>\n<\/ul>\n<h4>Recommandations<\/h4>\n<ul>\n<li class=\"p1\">Rincer l\u2019aiguille avec un milieu de culture st\u00e9rile avant son utilisation.<\/li>\n<li class=\"p1\">Fixer la seringue sur le c\u00f4ne luer.<\/li>\n<li class=\"p1\">Proc\u00e9der \u00e0 la ponction sous \u00e9choguidage selon la voie choisie.<\/li>\n<\/ul>\n<div class=\"text-align-center\"><a class=\"download_pdf\" href=\"\/wp-content\/uploads\/2025\/05\/Fiche-technique-BC-0-FR.pdf\" download=\"\">Download product sheet<\/a><a class=\"ask_certificate\" href=\"mailto:info@elliosbiotek.com\">Obtenir des certificats MEA \/ LAL<\/a><\/div>","protected":false},"featured_media":12849,"template":"","meta":[],"product_brand":[],"product_cat":[66],"product_tag":[],"class_list":{"0":"post-12589","1":"product","2":"type-product","3":"status-publish","4":"has-post-thumbnail","6":"product_cat-ponction-ovocytaire","8":"first","9":"instock","10":"shipping-taxable","11":"product-type-simple"},"_links":{"self":[{"href":"https:\/\/integ.ellios-biotek.com\/en\/wp-json\/wp\/v2\/product\/12589","targetHints":{"allow":["GET"]}}],"collection":[{"href":"https:\/\/integ.ellios-biotek.com\/en\/wp-json\/wp\/v2\/product"}],"about":[{"href":"https:\/\/integ.ellios-biotek.com\/en\/wp-json\/wp\/v2\/types\/product"}],"wp:featuredmedia":[{"embeddable":true,"href":"https:\/\/integ.ellios-biotek.com\/en\/wp-json\/wp\/v2\/media\/12849"}],"wp:attachment":[{"href":"https:\/\/integ.ellios-biotek.com\/en\/wp-json\/wp\/v2\/media?parent=12589"}],"wp:term":[{"taxonomy":"product_brand","embeddable":true,"href":"https:\/\/integ.ellios-biotek.com\/en\/wp-json\/wp\/v2\/product_brand?post=12589"},{"taxonomy":"product_cat","embeddable":true,"href":"https:\/\/integ.ellios-biotek.com\/en\/wp-json\/wp\/v2\/product_cat?post=12589"},{"taxonomy":"product_tag","embeddable":true,"href":"https:\/\/integ.ellios-biotek.com\/en\/wp-json\/wp\/v2\/product_tag?post=12589"}],"curies":[{"name":"wp","href":"https:\/\/api.w.org\/{rel}","templated":true}]}}