{"id":12585,"date":"2024-12-05T15:59:40","date_gmt":"2024-12-05T14:59:40","guid":{"rendered":"https:\/\/integ.ellios-biotek.com\/?post_type=product&#038;p=12585"},"modified":"2025-05-28T12:12:13","modified_gmt":"2025-05-28T10:12:13","slug":"filtre-hydrophobe","status":"publish","type":"product","link":"https:\/\/integ.ellios-biotek.com\/en\/product\/filtre-hydrophobe\/","title":{"rendered":"Filtre hydrophobe"},"content":{"rendered":"","protected":false},"excerpt":{"rendered":"<h4>Caract\u00e9ristiques<\/h4>\n<ul>\n<li>Filtre hydrophobe de 0,2 \u03bcm.<\/li>\n<li>Tubulure de 150 cm avec connexion m\u00e2le.<\/li>\n<\/ul>\n<h4>Utilisation<\/h4>\n<ul>\n<li>Ponction folliculaire \u00e0 l\u2019aide d\u2019une pompe d\u2019aspiration.<\/li>\n<li>S\u2019adapte \u00e0 l\u2019ensemble des pompes d\u2019aspiration folliculaire disponibles sur le march\u00e9.<\/li>\n<\/ul>\n<h4>Conditionnement<\/h4>\n<ul>\n<li>Bo\u00eete de 25 unit\u00e9s<\/li>\n<\/ul>\n<p>Lors d\u2019une ponction folliculaire avec une pompe d\u2019aspiration, l\u2019utilisation d\u2019une tubulure \u00e0 usage unique avec filtre hydrophobe prot\u00e8ge la pompe d\u2019aspiration des liquides corporels et prot\u00e8ge \u00e9galement les \u00e9chantillons du contact avec l\u2019\u00e9quipement.<\/p>\n<p><strong>Mise en place<\/strong><\/p>\n<p>Le filtre hydrophobe d\u2019Ellios Bio Tek est con\u00e7u sp\u00e9cifiquement pour \u00eatre utilis\u00e9 lors d\u2019une ponction folliculaire.<\/p>\n<p>Gr\u00e2ce \u00e0 une connexion universelle, la tubulure s\u2019adapte \u00e0 l\u2019ensemble des pompes d\u2019aspiration folliculaire commercialis\u00e9es.<\/p>\n<p>En effet, la connexion entre la pompe d\u2019aspiration et la tubulure peut \u00eatre r\u00e9alis\u00e9e soit via le connecteur en silicone, soit en enlevant celui-ci directement \u00e0 la connexion luer de la pompe.<\/p>\n<p><strong>Risque biologique<\/strong><\/p>\n<p>Ne jamais proc\u00e9der \u00e0 une ponction folliculaire si la pompe d\u2019aspiration folliculaire, la tubulure ou le filtre pr\u00e9sentent des signes de contamination.<\/p>\n<p>La tubulure ainsi que son filtre sont des consommables \u00e0 usage unique. Ils ne doivent en aucun cas \u00eatre r\u00e9utilis\u00e9s ni rest\u00e9rilis\u00e9s. La r\u00e9utilisation peut provoquer une contamination crois\u00e9e entrainant la transmission de germes infectieux. La re-st\u00e9rilisation peut endommager la structure et performance du mat\u00e9riel aillant des r\u00e9percussions sur l\u2019int\u00e9grit\u00e9 des \u00e9chantillons biologiques ou sur l\u2019\u00e9quipement d\u2019aspiration.<\/p>\n<p>Une fois utilis\u00e9, ce produit doit \u00eatre consid\u00e9r\u00e9 \u00e0 risque biologique et doit \u00eatre \u00e9limin\u00e9 selon la politique du centre et la r\u00e9glementation en vigueur.<\/p>\n<div class=\"text-align-center\"><a class=\"download_pdf\" href=\"\/wp-content\/uploads\/2025\/05\/Fiche-technique-Filtre-FR.pdf\" download=\"\">Download product sheet<\/a><a class=\"ask_certificate\" href=\"mailto:info@elliosbiotek.com\">Obtenir des certificats MEA \/ LAL<\/a><\/div>","protected":false},"featured_media":12869,"template":"","meta":[],"product_brand":[],"product_cat":[66],"product_tag":[],"class_list":{"0":"post-12585","1":"product","2":"type-product","3":"status-publish","4":"has-post-thumbnail","6":"product_cat-ponction-ovocytaire","8":"first","9":"instock","10":"shipping-taxable","11":"product-type-simple"},"_links":{"self":[{"href":"https:\/\/integ.ellios-biotek.com\/en\/wp-json\/wp\/v2\/product\/12585","targetHints":{"allow":["GET"]}}],"collection":[{"href":"https:\/\/integ.ellios-biotek.com\/en\/wp-json\/wp\/v2\/product"}],"about":[{"href":"https:\/\/integ.ellios-biotek.com\/en\/wp-json\/wp\/v2\/types\/product"}],"wp:featuredmedia":[{"embeddable":true,"href":"https:\/\/integ.ellios-biotek.com\/en\/wp-json\/wp\/v2\/media\/12869"}],"wp:attachment":[{"href":"https:\/\/integ.ellios-biotek.com\/en\/wp-json\/wp\/v2\/media?parent=12585"}],"wp:term":[{"taxonomy":"product_brand","embeddable":true,"href":"https:\/\/integ.ellios-biotek.com\/en\/wp-json\/wp\/v2\/product_brand?post=12585"},{"taxonomy":"product_cat","embeddable":true,"href":"https:\/\/integ.ellios-biotek.com\/en\/wp-json\/wp\/v2\/product_cat?post=12585"},{"taxonomy":"product_tag","embeddable":true,"href":"https:\/\/integ.ellios-biotek.com\/en\/wp-json\/wp\/v2\/product_tag?post=12585"}],"curies":[{"name":"wp","href":"https:\/\/api.w.org\/{rel}","templated":true}]}}