{"id":12571,"date":"2024-12-05T15:51:46","date_gmt":"2024-12-05T14:51:46","guid":{"rendered":"https:\/\/integ.ellios-biotek.com\/?post_type=product&#038;p=12571"},"modified":"2025-05-28T12:08:16","modified_gmt":"2025-05-28T10:08:16","slug":"elliocath-catheter-coude-pour-i-i-u","status":"publish","type":"product","link":"https:\/\/integ.ellios-biotek.com\/en\/product\/elliocath-catheter-coude-pour-i-i-u\/","title":{"rendered":"ELLIOCATH\u00ae &#8211; Cath\u00e9ter coud\u00e9 pour I.I.U."},"content":{"rendered":"","protected":false},"excerpt":{"rendered":"<h4>Caract\u00e9ristiques<\/h4>\n<ul>\n<li>Cath\u00e9ter de transfert coud\u00e9 permettant un passage facile du canal cervical<\/li>\n<li>Dispositif m\u00e9dical st\u00e9rile \u00e0 usage unique en poly\u00e9thyl\u00e8ne souple transparent<\/li>\n<li>Fl\u00e8ches sur l\u2019embase du cath\u00e9ter indiquant le sens de la courbure<\/li>\n<\/ul>\n<h4>Utilisation<\/h4>\n<ul>\n<li>Transfert d&#8217;embryon(s)<\/li>\n<li>Intra uterine insemination<\/li>\n<\/ul>\n<h4>Conditionnement<\/h4>\n<ul>\n<li>Bo\u00eete de 25 unit\u00e9s<\/li>\n<\/ul>\n<div class=\"text-align-center\"><a class=\"download_pdf\" href=\"\/wp-content\/uploads\/2025\/05\/Fiche-technique-ELLIOCATH-FR.pdf\" download=\"\">Download product sheet<\/a><a class=\"ask_certificate\" href=\"mailto:info@elliosbiotek.com\">Obtenir des certificats MEA \/ LAL<\/a><\/div>","protected":false},"featured_media":12865,"template":"","meta":[],"product_brand":[],"product_cat":[65],"product_tag":[],"class_list":{"0":"post-12571","1":"product","2":"type-product","3":"status-publish","4":"has-post-thumbnail","6":"product_cat-insemination-intra-uterine","8":"first","9":"instock","10":"shipping-taxable","11":"product-type-simple"},"_links":{"self":[{"href":"https:\/\/integ.ellios-biotek.com\/en\/wp-json\/wp\/v2\/product\/12571","targetHints":{"allow":["GET"]}}],"collection":[{"href":"https:\/\/integ.ellios-biotek.com\/en\/wp-json\/wp\/v2\/product"}],"about":[{"href":"https:\/\/integ.ellios-biotek.com\/en\/wp-json\/wp\/v2\/types\/product"}],"wp:featuredmedia":[{"embeddable":true,"href":"https:\/\/integ.ellios-biotek.com\/en\/wp-json\/wp\/v2\/media\/12865"}],"wp:attachment":[{"href":"https:\/\/integ.ellios-biotek.com\/en\/wp-json\/wp\/v2\/media?parent=12571"}],"wp:term":[{"taxonomy":"product_brand","embeddable":true,"href":"https:\/\/integ.ellios-biotek.com\/en\/wp-json\/wp\/v2\/product_brand?post=12571"},{"taxonomy":"product_cat","embeddable":true,"href":"https:\/\/integ.ellios-biotek.com\/en\/wp-json\/wp\/v2\/product_cat?post=12571"},{"taxonomy":"product_tag","embeddable":true,"href":"https:\/\/integ.ellios-biotek.com\/en\/wp-json\/wp\/v2\/product_tag?post=12571"}],"curies":[{"name":"wp","href":"https:\/\/api.w.org\/{rel}","templated":true}]}}